{"id":21858,"date":"2021-01-11T10:04:26","date_gmt":"2021-01-11T09:04:26","guid":{"rendered":"http:\/\/beconfident.beconfident.hemsida.eu\/produkt\/teeth-whitening-strips-5-days\/"},"modified":"2026-04-20T10:15:29","modified_gmt":"2026-04-20T08:15:29","slug":"teeth-whitening-strips-5-days","status":"publish","type":"product","link":"https:\/\/beconfident.com\/be_fr\/produkt\/teeth-whitening-strips-5-days\/","title":{"rendered":"BANDES DE BLANCHIMENT DES DENTS 5 JOURS"},"content":{"rendered":"<p>Les bandes de blanchiment des dents Beconfident\u00ae sont un moyen simple et rapide de blanchir les dents. Les bandes sp\u00e9cialement con\u00e7ues sont appliqu\u00e9es directement sur les dents, chaque enveloppe contient deux bandes qui sont con\u00e7ues individuellement pour le meilleur ajustement possible \u00e0 la m\u00e2choire sup\u00e9rieure et inf\u00e9rieure. Le gel de blanchiment des dents est bas\u00e9 sur notre gel de blanchiment des dents brevet\u00e9 Dual Boost X1 + 0,1% de peroxyde qui dans la premi\u00e8re phase \u00e9limine la d\u00e9coloration avec un baril de noix de coco et dans la deuxi\u00e8me phase donne des dents plus blanches \u00e0 l&#8217;aide de 32% de bicarbonate. La mise en forme des embouts buccaux est n\u00e9cessaire &#8211; il suffit d&#8217;ouvrir l&#8217;emballage et vous \u00eates pr\u00eat \u00e0 partir! Les bandes sont totalement s\u00fbres \u00e0 utiliser et ne cr\u00e9ent pas d&#8217;inconfort ou de sensibilit\u00e9 accrue dans les dents. L&#8217;emballage dure 5 jours et les bandes doivent fonctionner pendant 15 minutes \u00e0 la fois. Le paquet contient 2&#215;5 bandes de blanchiment des dents.<br \/>\nComment utiliser:<br \/>\nAstuce! Nous vous recommandons d&#8217;utiliser un miroir pour appliquer le plus facilement les bandes.<br \/>\n1. Ouvrez soigneusement le sac et retirez la feuille transparente avec les bandes. Le sac ouvert doit \u00eatre utilis\u00e9 imm\u00e9diatement, n&#8217;attendez pas plus de 15 minutes apr\u00e8s l&#8217;ouverture.<br \/>\n2. Soulevez la bande rectangulaire la plus longue de la feuille. Placez-le sur la rang\u00e9e sup\u00e9rieure de dents avec le c\u00f4t\u00e9 qui reposait sur la feuille contre les dents. Placez uniform\u00e9ment le long des gencives. La bande restante doit \u00eatre pli\u00e9e derri\u00e8re les dents. Appuyez l\u00e9g\u00e8rement contre les bandes pour attacher les dents.<br \/>\n3. Retirez la bande courte l\u00e9g\u00e8rement incurv\u00e9e de la rang\u00e9e de dents inf\u00e9rieure de la feuille. Appliquez-le sur la rang\u00e9e inf\u00e9rieure de dents comme d\u00e9crit pour la rang\u00e9e sup\u00e9rieure. Appuyez doucement pour attacher.<br \/>\nLaisser agir 15 minutes.<br \/>\n5. Retirez les bandes. Le r\u00e9sidu de gel restant est facilement \u00e9limin\u00e9 \u00e0 l&#8217;aide d&#8217;une brosse \u00e0 dents. Rincer abondamment la bouche avec de l&#8217;eau.<\/p>\n","protected":false},"excerpt":{"rendered":"<p>Jusqu&#8217;\u00e0 3 teintes de dents plus blanches en 5 jours. Contient 2&#215;5 bandes dans des enveloppes s\u00e9par\u00e9es.<\/p>\n","protected":false},"featured_media":56108,"comment_status":"open","ping_status":"closed","template":"","meta":{"_acf_changed":false,"inline_featured_image":false,"_monsterinsights_skip_tracking":false,"_monsterinsights_sitenote_active":false,"_monsterinsights_sitenote_note":"","_monsterinsights_sitenote_category":0},"product_brand":[],"product_cat":[718,523,522],"product_tag":[],"class_list":{"0":"post-21858","1":"product","2":"type-product","3":"status-publish","4":"has-post-thumbnail","6":"product_cat-alla-produkter-be_fr","7":"product_cat-blanchiment-des-dents-be_fr","8":"product_cat-kit-de-blanchiment-des-dents-be_fr","10":"first","11":"instock","12":"taxable","13":"shipping-taxable","14":"purchasable","15":"product-type-simple"},"acf":[],"shsp-ext":{"main":{},"variations":[]},"yoast_head":"<!-- This site is optimized with the Yoast SEO plugin v27.2 - https:\/\/yoast.com\/product\/yoast-seo-wordpress\/ -->\n<title>BANDES DE BLANCHIMENT DES DENTS 5 JOURS - Beconfident<\/title>\n<meta name=\"robots\" content=\"index, follow, max-snippet:-1, max-image-preview:large, max-video-preview:-1\" \/>\n<link rel=\"canonical\" href=\"https:\/\/beconfident.com\/be_fr\/produkt\/teeth-whitening-strips-5-days\/\" \/>\n<meta property=\"og:locale\" content=\"en_US\" \/>\n<meta property=\"og:type\" content=\"article\" \/>\n<meta property=\"og:title\" content=\"BANDES DE BLANCHIMENT DES DENTS 5 JOURS - Beconfident\" \/>\n<meta property=\"og:description\" content=\"Jusqu&#039;\u00e0 3 teintes de dents plus blanches en 5 jours. Contient 2x5 bandes dans des enveloppes s\u00e9par\u00e9es.\" \/>\n<meta property=\"og:url\" content=\"https:\/\/beconfident.com\/be_fr\/produkt\/teeth-whitening-strips-5-days\/\" \/>\n<meta property=\"og:site_name\" content=\"Beconfident\" \/>\n<meta property=\"article:modified_time\" content=\"2026-04-20T08:15:29+00:00\" \/>\n<meta property=\"og:image\" content=\"https:\/\/beconfident.com\/wp-content\/uploads\/2021\/01\/Teeth-whitening-strips-with-badge-2-5-days.jpg\" \/>\n\t<meta property=\"og:image:width\" content=\"2000\" \/>\n\t<meta property=\"og:image:height\" content=\"2000\" \/>\n\t<meta property=\"og:image:type\" content=\"image\/jpeg\" \/>\n<meta name=\"twitter:card\" content=\"summary_large_image\" \/>\n<meta name=\"twitter:label1\" content=\"Est. reading time\" \/>\n\t<meta name=\"twitter:data1\" content=\"2 minutes\" \/>\n<script type=\"application\/ld+json\" class=\"yoast-schema-graph\">{\"@context\":\"https:\/\/schema.org\",\"@graph\":[{\"@type\":\"WebPage\",\"@id\":\"https:\/\/beconfident.com\/be_fr\/produkt\/teeth-whitening-strips-5-days\/\",\"url\":\"https:\/\/beconfident.com\/be_fr\/produkt\/teeth-whitening-strips-5-days\/\",\"name\":\"BANDES DE BLANCHIMENT DES DENTS 5 JOURS - Beconfident\",\"isPartOf\":{\"@id\":\"https:\/\/beconfident.com\/lv\/#website\"},\"primaryImageOfPage\":{\"@id\":\"https:\/\/beconfident.com\/be_fr\/produkt\/teeth-whitening-strips-5-days\/#primaryimage\"},\"image\":{\"@id\":\"https:\/\/beconfident.com\/be_fr\/produkt\/teeth-whitening-strips-5-days\/#primaryimage\"},\"thumbnailUrl\":\"https:\/\/beconfident.com\/wp-content\/uploads\/2021\/01\/Teeth-whitening-strips-with-badge-2-5-days.jpg\",\"datePublished\":\"2021-01-11T09:04:26+00:00\",\"dateModified\":\"2026-04-20T08:15:29+00:00\",\"breadcrumb\":{\"@id\":\"https:\/\/beconfident.com\/be_fr\/produkt\/teeth-whitening-strips-5-days\/#breadcrumb\"},\"inLanguage\":\"be-FR\",\"potentialAction\":[{\"@type\":\"ReadAction\",\"target\":[\"https:\/\/beconfident.com\/be_fr\/produkt\/teeth-whitening-strips-5-days\/\"]}]},{\"@type\":\"ImageObject\",\"inLanguage\":\"be-FR\",\"@id\":\"https:\/\/beconfident.com\/be_fr\/produkt\/teeth-whitening-strips-5-days\/#primaryimage\",\"url\":\"https:\/\/beconfident.com\/wp-content\/uploads\/2021\/01\/Teeth-whitening-strips-with-badge-2-5-days.jpg\",\"contentUrl\":\"https:\/\/beconfident.com\/wp-content\/uploads\/2021\/01\/Teeth-whitening-strips-with-badge-2-5-days.jpg\",\"width\":2000,\"height\":2000},{\"@type\":\"BreadcrumbList\",\"@id\":\"https:\/\/beconfident.com\/be_fr\/produkt\/teeth-whitening-strips-5-days\/#breadcrumb\",\"itemListElement\":[{\"@type\":\"ListItem\",\"position\":1,\"name\":\"Hem\",\"item\":\"https:\/\/beconfident.com\/be_fr\/\"},{\"@type\":\"ListItem\",\"position\":2,\"name\":\"Webbutik\",\"item\":\"https:\/\/beconfident.com\/be_fr\/webbutik\/\"},{\"@type\":\"ListItem\",\"position\":3,\"name\":\"BANDES DE BLANCHIMENT DES DENTS 5 JOURS\"}]},{\"@type\":\"WebSite\",\"@id\":\"https:\/\/beconfident.com\/lv\/#website\",\"url\":\"https:\/\/beconfident.com\/lv\/\",\"name\":\"Beconfident\",\"description\":\"\",\"potentialAction\":[{\"@type\":\"SearchAction\",\"target\":{\"@type\":\"EntryPoint\",\"urlTemplate\":\"https:\/\/beconfident.com\/lv\/?s={search_term_string}\"},\"query-input\":{\"@type\":\"PropertyValueSpecification\",\"valueRequired\":true,\"valueName\":\"search_term_string\"}}],\"inLanguage\":\"be-FR\"}]}<\/script>\n<!-- \/ Yoast SEO plugin. -->","yoast_head_json":{"title":"BANDES DE BLANCHIMENT DES DENTS 5 JOURS - Beconfident","robots":{"index":"index","follow":"follow","max-snippet":"max-snippet:-1","max-image-preview":"max-image-preview:large","max-video-preview":"max-video-preview:-1"},"canonical":"https:\/\/beconfident.com\/be_fr\/produkt\/teeth-whitening-strips-5-days\/","og_locale":"en_US","og_type":"article","og_title":"BANDES DE BLANCHIMENT DES DENTS 5 JOURS - Beconfident","og_description":"Jusqu'\u00e0 3 teintes de dents plus blanches en 5 jours. Contient 2x5 bandes dans des enveloppes s\u00e9par\u00e9es.","og_url":"https:\/\/beconfident.com\/be_fr\/produkt\/teeth-whitening-strips-5-days\/","og_site_name":"Beconfident","article_modified_time":"2026-04-20T08:15:29+00:00","og_image":[{"width":2000,"height":2000,"url":"https:\/\/beconfident.com\/wp-content\/uploads\/2021\/01\/Teeth-whitening-strips-with-badge-2-5-days.jpg","type":"image\/jpeg"}],"twitter_card":"summary_large_image","twitter_misc":{"Est. reading time":"2 minutes"},"schema":{"@context":"https:\/\/schema.org","@graph":[{"@type":"WebPage","@id":"https:\/\/beconfident.com\/be_fr\/produkt\/teeth-whitening-strips-5-days\/","url":"https:\/\/beconfident.com\/be_fr\/produkt\/teeth-whitening-strips-5-days\/","name":"BANDES DE BLANCHIMENT DES DENTS 5 JOURS - Beconfident","isPartOf":{"@id":"https:\/\/beconfident.com\/lv\/#website"},"primaryImageOfPage":{"@id":"https:\/\/beconfident.com\/be_fr\/produkt\/teeth-whitening-strips-5-days\/#primaryimage"},"image":{"@id":"https:\/\/beconfident.com\/be_fr\/produkt\/teeth-whitening-strips-5-days\/#primaryimage"},"thumbnailUrl":"https:\/\/beconfident.com\/wp-content\/uploads\/2021\/01\/Teeth-whitening-strips-with-badge-2-5-days.jpg","datePublished":"2021-01-11T09:04:26+00:00","dateModified":"2026-04-20T08:15:29+00:00","breadcrumb":{"@id":"https:\/\/beconfident.com\/be_fr\/produkt\/teeth-whitening-strips-5-days\/#breadcrumb"},"inLanguage":"be-FR","potentialAction":[{"@type":"ReadAction","target":["https:\/\/beconfident.com\/be_fr\/produkt\/teeth-whitening-strips-5-days\/"]}]},{"@type":"ImageObject","inLanguage":"be-FR","@id":"https:\/\/beconfident.com\/be_fr\/produkt\/teeth-whitening-strips-5-days\/#primaryimage","url":"https:\/\/beconfident.com\/wp-content\/uploads\/2021\/01\/Teeth-whitening-strips-with-badge-2-5-days.jpg","contentUrl":"https:\/\/beconfident.com\/wp-content\/uploads\/2021\/01\/Teeth-whitening-strips-with-badge-2-5-days.jpg","width":2000,"height":2000},{"@type":"BreadcrumbList","@id":"https:\/\/beconfident.com\/be_fr\/produkt\/teeth-whitening-strips-5-days\/#breadcrumb","itemListElement":[{"@type":"ListItem","position":1,"name":"Hem","item":"https:\/\/beconfident.com\/be_fr\/"},{"@type":"ListItem","position":2,"name":"Webbutik","item":"https:\/\/beconfident.com\/be_fr\/webbutik\/"},{"@type":"ListItem","position":3,"name":"BANDES DE BLANCHIMENT DES DENTS 5 JOURS"}]},{"@type":"WebSite","@id":"https:\/\/beconfident.com\/lv\/#website","url":"https:\/\/beconfident.com\/lv\/","name":"Beconfident","description":"","potentialAction":[{"@type":"SearchAction","target":{"@type":"EntryPoint","urlTemplate":"https:\/\/beconfident.com\/lv\/?s={search_term_string}"},"query-input":{"@type":"PropertyValueSpecification","valueRequired":true,"valueName":"search_term_string"}}],"inLanguage":"be-FR"}]}},"_links":{"self":[{"href":"https:\/\/beconfident.com\/be_fr\/wp-json\/wp\/v2\/product\/21858","targetHints":{"allow":["GET"]}}],"collection":[{"href":"https:\/\/beconfident.com\/be_fr\/wp-json\/wp\/v2\/product"}],"about":[{"href":"https:\/\/beconfident.com\/be_fr\/wp-json\/wp\/v2\/types\/product"}],"replies":[{"embeddable":true,"href":"https:\/\/beconfident.com\/be_fr\/wp-json\/wp\/v2\/comments?post=21858"}],"wp:featuredmedia":[{"embeddable":true,"href":"https:\/\/beconfident.com\/be_fr\/wp-json\/wp\/v2\/media\/56108"}],"wp:attachment":[{"href":"https:\/\/beconfident.com\/be_fr\/wp-json\/wp\/v2\/media?parent=21858"}],"wp:term":[{"taxonomy":"product_brand","embeddable":true,"href":"https:\/\/beconfident.com\/be_fr\/wp-json\/wp\/v2\/product_brand?post=21858"},{"taxonomy":"product_cat","embeddable":true,"href":"https:\/\/beconfident.com\/be_fr\/wp-json\/wp\/v2\/product_cat?post=21858"},{"taxonomy":"product_tag","embeddable":true,"href":"https:\/\/beconfident.com\/be_fr\/wp-json\/wp\/v2\/product_tag?post=21858"}],"curies":[{"name":"wp","href":"https:\/\/api.w.org\/{rel}","templated":true}]}}