{"id":9997,"date":"2021-01-27T15:21:11","date_gmt":"2021-01-27T14:21:11","guid":{"rendered":"https:\/\/beconfident.simplesmile.hemsida.eu\/produkt\/multifunktionell-whitening-tandkram-acai-mint-25ml\/"},"modified":"2024-12-05T09:01:00","modified_gmt":"2024-12-05T08:01:00","slug":"multifunktionell-whitening-tandkram-acai-mint-25ml","status":"publish","type":"product","link":"https:\/\/beconfident.com\/au\/produkt\/multifunktionell-whitening-tandkram-acai-mint-25ml\/","title":{"rendered":"MULTIFUNCTIONAL WHITENING TOOTHPASTE ACAI + MINT 25ml"},"content":{"rendered":"<p>Beconfident\u00ae Multifunctional Whitening Toothpaste has been developed together with world-leading dentists to be the most complete teeth whitening toothpaste on the market. In addition to whitening teeth, it protects against caries and plaque, strengthens the gums and removes stains and discolourations. Available in flavours: Acai + Mint, Cocos + Mint, Strawberry + Mint, Extra Mint and Sensitive Mint. In order to guarantee that Beconfident\u00ae Multifunctional Toothpaste is safe and effective, we conducted a clinical study for four weeks. The study was performed in accordance with the guidelines for good clinical practice and ADA guidelines for testing toothpaste and teeth whitening products. Beconfident\u00ae Multifunctional Whitening Toothpaste contains a mixture of fluorine, potassium nitrate, calcium phosphate, zinc, white charcoal and calcium peroxide to give the user the best possible oral care.<\/p>\n","protected":false},"excerpt":{"rendered":"<p>Beconfident\u00ae Multifunctional Whitening Toothpaste Acai+Mint, 25 ml.<\/p>\n","protected":false},"featured_media":10076,"comment_status":"open","ping_status":"closed","template":"","meta":{"_acf_changed":false,"inline_featured_image":false,"_monsterinsights_skip_tracking":false,"_monsterinsights_sitenote_active":false,"_monsterinsights_sitenote_note":"","_monsterinsights_sitenote_category":0},"product_brand":[],"product_cat":[731,121,122],"product_tag":[],"class_list":{"0":"post-9997","1":"product","2":"type-product","3":"status-publish","4":"has-post-thumbnail","6":"product_cat-all-products-au","7":"product_cat-multifunctional-tandkram-au","8":"product_cat-tandkram-au","10":"first","11":"instock","12":"taxable","13":"shipping-taxable","14":"purchasable","15":"product-type-simple"},"acf":[],"shsp-ext":{"main":{},"variations":[]},"yoast_head":"<!-- This site is optimized with the Yoast SEO plugin v27.2 - https:\/\/yoast.com\/product\/yoast-seo-wordpress\/ -->\n<title>MULTIFUNCTIONAL WHITENING TOOTHPASTE ACAI + MINT 25ml - Beconfident<\/title>\n<meta name=\"description\" content=\"Multifunktionell whitening tandkr\u00e4m f\u00f6r vitare, renare och starkare t\u00e4nder.\" \/>\n<meta name=\"robots\" content=\"index, follow, max-snippet:-1, max-image-preview:large, max-video-preview:-1\" \/>\n<link rel=\"canonical\" href=\"https:\/\/beconfident.com\/au\/produkt\/multifunktionell-whitening-tandkram-acai-mint-25ml\/\" \/>\n<meta property=\"og:locale\" content=\"en_US\" \/>\n<meta property=\"og:type\" content=\"article\" \/>\n<meta property=\"og:title\" content=\"MULTIFUNCTIONAL WHITENING TOOTHPASTE ACAI + MINT 25ml - Beconfident\" \/>\n<meta property=\"og:description\" content=\"Multifunktionell whitening tandkr\u00e4m f\u00f6r vitare, renare och starkare t\u00e4nder.\" \/>\n<meta property=\"og:url\" content=\"https:\/\/beconfident.com\/au\/produkt\/multifunktionell-whitening-tandkram-acai-mint-25ml\/\" \/>\n<meta property=\"og:site_name\" content=\"Beconfident\" \/>\n<meta property=\"article:modified_time\" content=\"2024-12-05T08:01:00+00:00\" \/>\n<meta property=\"og:image\" content=\"https:\/\/beconfident.com\/wp-content\/uploads\/2021\/01\/141098_Toothpaste_Acai3.jpg\" \/>\n\t<meta property=\"og:image:width\" content=\"1417\" \/>\n\t<meta property=\"og:image:height\" content=\"1063\" \/>\n\t<meta property=\"og:image:type\" content=\"image\/jpeg\" \/>\n<meta name=\"twitter:card\" content=\"summary_large_image\" \/>\n<meta name=\"twitter:label1\" content=\"Est. reading time\" \/>\n\t<meta name=\"twitter:data1\" content=\"1 minute\" \/>\n<script type=\"application\/ld+json\" class=\"yoast-schema-graph\">{\"@context\":\"https:\/\/schema.org\",\"@graph\":[{\"@type\":\"WebPage\",\"@id\":\"https:\/\/beconfident.com\/au\/produkt\/multifunktionell-whitening-tandkram-acai-mint-25ml\/\",\"url\":\"https:\/\/beconfident.com\/au\/produkt\/multifunktionell-whitening-tandkram-acai-mint-25ml\/\",\"name\":\"MULTIFUNCTIONAL WHITENING TOOTHPASTE ACAI + MINT 25ml - Beconfident\",\"isPartOf\":{\"@id\":\"https:\/\/beconfident.com\/lv\/#website\"},\"primaryImageOfPage\":{\"@id\":\"https:\/\/beconfident.com\/au\/produkt\/multifunktionell-whitening-tandkram-acai-mint-25ml\/#primaryimage\"},\"image\":{\"@id\":\"https:\/\/beconfident.com\/au\/produkt\/multifunktionell-whitening-tandkram-acai-mint-25ml\/#primaryimage\"},\"thumbnailUrl\":\"https:\/\/beconfident.com\/wp-content\/uploads\/2021\/01\/141098_Toothpaste_Acai3.jpg\",\"datePublished\":\"2021-01-27T14:21:11+00:00\",\"dateModified\":\"2024-12-05T08:01:00+00:00\",\"description\":\"Multifunktionell whitening tandkr\u00e4m f\u00f6r vitare, renare och starkare t\u00e4nder.\",\"breadcrumb\":{\"@id\":\"https:\/\/beconfident.com\/au\/produkt\/multifunktionell-whitening-tandkram-acai-mint-25ml\/#breadcrumb\"},\"inLanguage\":\"en-AU\",\"potentialAction\":[{\"@type\":\"ReadAction\",\"target\":[\"https:\/\/beconfident.com\/au\/produkt\/multifunktionell-whitening-tandkram-acai-mint-25ml\/\"]}]},{\"@type\":\"ImageObject\",\"inLanguage\":\"en-AU\",\"@id\":\"https:\/\/beconfident.com\/au\/produkt\/multifunktionell-whitening-tandkram-acai-mint-25ml\/#primaryimage\",\"url\":\"https:\/\/beconfident.com\/wp-content\/uploads\/2021\/01\/141098_Toothpaste_Acai3.jpg\",\"contentUrl\":\"https:\/\/beconfident.com\/wp-content\/uploads\/2021\/01\/141098_Toothpaste_Acai3.jpg\",\"width\":1417,\"height\":1063},{\"@type\":\"BreadcrumbList\",\"@id\":\"https:\/\/beconfident.com\/au\/produkt\/multifunktionell-whitening-tandkram-acai-mint-25ml\/#breadcrumb\",\"itemListElement\":[{\"@type\":\"ListItem\",\"position\":1,\"name\":\"Hem\",\"item\":\"https:\/\/beconfident.com\/au\/\"},{\"@type\":\"ListItem\",\"position\":2,\"name\":\"Webbutik\",\"item\":\"https:\/\/beconfident.com\/au\/webbutik\/\"},{\"@type\":\"ListItem\",\"position\":3,\"name\":\"MULTIFUNCTIONAL WHITENING TOOTHPASTE ACAI + MINT 25ml\"}]},{\"@type\":\"WebSite\",\"@id\":\"https:\/\/beconfident.com\/lv\/#website\",\"url\":\"https:\/\/beconfident.com\/lv\/\",\"name\":\"Beconfident\",\"description\":\"\",\"potentialAction\":[{\"@type\":\"SearchAction\",\"target\":{\"@type\":\"EntryPoint\",\"urlTemplate\":\"https:\/\/beconfident.com\/lv\/?s={search_term_string}\"},\"query-input\":{\"@type\":\"PropertyValueSpecification\",\"valueRequired\":true,\"valueName\":\"search_term_string\"}}],\"inLanguage\":\"en-AU\"}]}<\/script>\n<!-- \/ Yoast SEO plugin. -->","yoast_head_json":{"title":"MULTIFUNCTIONAL WHITENING TOOTHPASTE ACAI + MINT 25ml - Beconfident","description":"Multifunktionell whitening tandkr\u00e4m f\u00f6r vitare, renare och starkare t\u00e4nder.","robots":{"index":"index","follow":"follow","max-snippet":"max-snippet:-1","max-image-preview":"max-image-preview:large","max-video-preview":"max-video-preview:-1"},"canonical":"https:\/\/beconfident.com\/au\/produkt\/multifunktionell-whitening-tandkram-acai-mint-25ml\/","og_locale":"en_US","og_type":"article","og_title":"MULTIFUNCTIONAL WHITENING TOOTHPASTE ACAI + MINT 25ml - Beconfident","og_description":"Multifunktionell whitening tandkr\u00e4m f\u00f6r vitare, renare och starkare t\u00e4nder.","og_url":"https:\/\/beconfident.com\/au\/produkt\/multifunktionell-whitening-tandkram-acai-mint-25ml\/","og_site_name":"Beconfident","article_modified_time":"2024-12-05T08:01:00+00:00","og_image":[{"width":1417,"height":1063,"url":"https:\/\/beconfident.com\/wp-content\/uploads\/2021\/01\/141098_Toothpaste_Acai3.jpg","type":"image\/jpeg"}],"twitter_card":"summary_large_image","twitter_misc":{"Est. reading time":"1 minute"},"schema":{"@context":"https:\/\/schema.org","@graph":[{"@type":"WebPage","@id":"https:\/\/beconfident.com\/au\/produkt\/multifunktionell-whitening-tandkram-acai-mint-25ml\/","url":"https:\/\/beconfident.com\/au\/produkt\/multifunktionell-whitening-tandkram-acai-mint-25ml\/","name":"MULTIFUNCTIONAL WHITENING TOOTHPASTE ACAI + MINT 25ml - Beconfident","isPartOf":{"@id":"https:\/\/beconfident.com\/lv\/#website"},"primaryImageOfPage":{"@id":"https:\/\/beconfident.com\/au\/produkt\/multifunktionell-whitening-tandkram-acai-mint-25ml\/#primaryimage"},"image":{"@id":"https:\/\/beconfident.com\/au\/produkt\/multifunktionell-whitening-tandkram-acai-mint-25ml\/#primaryimage"},"thumbnailUrl":"https:\/\/beconfident.com\/wp-content\/uploads\/2021\/01\/141098_Toothpaste_Acai3.jpg","datePublished":"2021-01-27T14:21:11+00:00","dateModified":"2024-12-05T08:01:00+00:00","description":"Multifunktionell whitening tandkr\u00e4m f\u00f6r vitare, renare och starkare t\u00e4nder.","breadcrumb":{"@id":"https:\/\/beconfident.com\/au\/produkt\/multifunktionell-whitening-tandkram-acai-mint-25ml\/#breadcrumb"},"inLanguage":"en-AU","potentialAction":[{"@type":"ReadAction","target":["https:\/\/beconfident.com\/au\/produkt\/multifunktionell-whitening-tandkram-acai-mint-25ml\/"]}]},{"@type":"ImageObject","inLanguage":"en-AU","@id":"https:\/\/beconfident.com\/au\/produkt\/multifunktionell-whitening-tandkram-acai-mint-25ml\/#primaryimage","url":"https:\/\/beconfident.com\/wp-content\/uploads\/2021\/01\/141098_Toothpaste_Acai3.jpg","contentUrl":"https:\/\/beconfident.com\/wp-content\/uploads\/2021\/01\/141098_Toothpaste_Acai3.jpg","width":1417,"height":1063},{"@type":"BreadcrumbList","@id":"https:\/\/beconfident.com\/au\/produkt\/multifunktionell-whitening-tandkram-acai-mint-25ml\/#breadcrumb","itemListElement":[{"@type":"ListItem","position":1,"name":"Hem","item":"https:\/\/beconfident.com\/au\/"},{"@type":"ListItem","position":2,"name":"Webbutik","item":"https:\/\/beconfident.com\/au\/webbutik\/"},{"@type":"ListItem","position":3,"name":"MULTIFUNCTIONAL WHITENING TOOTHPASTE ACAI + MINT 25ml"}]},{"@type":"WebSite","@id":"https:\/\/beconfident.com\/lv\/#website","url":"https:\/\/beconfident.com\/lv\/","name":"Beconfident","description":"","potentialAction":[{"@type":"SearchAction","target":{"@type":"EntryPoint","urlTemplate":"https:\/\/beconfident.com\/lv\/?s={search_term_string}"},"query-input":{"@type":"PropertyValueSpecification","valueRequired":true,"valueName":"search_term_string"}}],"inLanguage":"en-AU"}]}},"_links":{"self":[{"href":"https:\/\/beconfident.com\/au\/wp-json\/wp\/v2\/product\/9997","targetHints":{"allow":["GET"]}}],"collection":[{"href":"https:\/\/beconfident.com\/au\/wp-json\/wp\/v2\/product"}],"about":[{"href":"https:\/\/beconfident.com\/au\/wp-json\/wp\/v2\/types\/product"}],"replies":[{"embeddable":true,"href":"https:\/\/beconfident.com\/au\/wp-json\/wp\/v2\/comments?post=9997"}],"wp:featuredmedia":[{"embeddable":true,"href":"https:\/\/beconfident.com\/au\/wp-json\/wp\/v2\/media\/10076"}],"wp:attachment":[{"href":"https:\/\/beconfident.com\/au\/wp-json\/wp\/v2\/media?parent=9997"}],"wp:term":[{"taxonomy":"product_brand","embeddable":true,"href":"https:\/\/beconfident.com\/au\/wp-json\/wp\/v2\/product_brand?post=9997"},{"taxonomy":"product_cat","embeddable":true,"href":"https:\/\/beconfident.com\/au\/wp-json\/wp\/v2\/product_cat?post=9997"},{"taxonomy":"product_tag","embeddable":true,"href":"https:\/\/beconfident.com\/au\/wp-json\/wp\/v2\/product_tag?post=9997"}],"curies":[{"name":"wp","href":"https:\/\/api.w.org\/{rel}","templated":true}]}}